{"id":5259,"date":"2023-12-28T05:36:54","date_gmt":"2023-12-28T05:36:54","guid":{"rendered":"https:\/\/www.mediaeducationcentre.eu\/eng\/?page_id=5259"},"modified":"2023-12-28T05:39:38","modified_gmt":"2023-12-28T05:39:38","slug":"adedu-srpski","status":"publish","type":"page","link":"https:\/\/www.mediaeducationcentre.eu\/eng\/?page_id=5259","title":{"rendered":"ADEDU srpski"},"content":{"rendered":"\n<p>Projekat &#8220;ADEDU&#8221; ima za cilj da podr\u017ei edukatore, trenere i centre za u\u010denje u usavr\u0161avanju i inoviranju znanja i ve\u0161tina tako \u0161to \u0107e masovno uklju\u010diti ljude pogo\u0111ene te\u0161ko\u0107ama u u\u010denju i olak\u0161ati njihovu digitalnu tranziciju i sveukupno uklju\u010divanje nedovoljno uklju\u010dene ciljne populacije. Nastavnici i treneri koji se prijave za u\u010destvovanje u projektu ADEDU \u0107e imati koristi od predvi\u0111enih rezultata: kurseva obuke; aktivnosti izgradnje kapaciteta za razmenu, u\u010denje od vr\u0161njaka, dobijanje inspiracije i umre\u017eavanje i smernice o inkluzivnoj komunikaciji i digitalnim okru\u017eenjima za u\u010denje kako bi se olak\u0161ale inovacije i inkluzija u bilo kojoj fazi procesa u\u010denja na svim nivoima. Medijski edukativni centar i na\u0161i partneri iz EU o\u010dekuju da \u0107e se najmanje 600 edukatora iz najmanje 10 evropskih zemalja registrovanih za obuku i najmanje 100 organizacija i centara za u\u010denje, pridru\u017eiti aktivnostima izgradnje kapaciteta koriste\u0107i izvore dobre prakse, stru\u010dnjake i sve uklju\u010dene organizacije.<\/p>\n\n\n\n<figure class=\"wp-block-image size-full\"><img loading=\"lazy\" decoding=\"async\" width=\"1080\" height=\"1080\" src=\"https:\/\/www.mediaeducationcentre.eu\/eng\/wp-content\/uploads\/2023\/12\/ADEDU-tranzition.png\" alt=\"\" class=\"wp-image-5260\" srcset=\"https:\/\/www.mediaeducationcentre.eu\/eng\/wp-content\/uploads\/2023\/12\/ADEDU-tranzition.png 1080w, https:\/\/www.mediaeducationcentre.eu\/eng\/wp-content\/uploads\/2023\/12\/ADEDU-tranzition-620x620.png 620w, https:\/\/www.mediaeducationcentre.eu\/eng\/wp-content\/uploads\/2023\/12\/ADEDU-tranzition-500x500.png 500w, https:\/\/www.mediaeducationcentre.eu\/eng\/wp-content\/uploads\/2023\/12\/ADEDU-tranzition-768x768.png 768w\" sizes=\"auto, (max-width: 1080px) 100vw, 1080px\" \/><\/figure>\n\n\n\n<p>Predvi\u0111eno je najmanje 10 vebinara kako bi se pro\u0161irila efikasnost u\u010denja i podigla svest o smetnjama u u\u010denju kao i njihov uticaj na obrazovanje. Planirano je da u narednih 30 meseci dostignemo najmanje 8.000 anga\u017eovanja me\u0111u edukatorima, centrima za u\u010denje, \u010dlanovima osoblja obrazovnih organizacija i op\u0161tom populacijom zaineresovanom za inkluzivnije dru\u0161tveno okru\u017eenje. ADEDU Konzorcijum o\u010dekuje da 200 organizacija dobije Smernice o inkluzivnoj komunikaciji i 100 o inkluzivnim digitalnim okru\u017eenjima za u\u010denje kako bi se pokrenule promene u Srbiji i \u0161irom Evrope. O\u010dekivani rezultati (smernice, opravdani sadr\u017eaji, digitalni alati i izve\u0161taji) oslanjaju se na ve\u0161tine trenera i edukatora sa ciljem da se pro\u0161iri njihova obrazovna ponudu za osobe pogo\u0111ene te\u0161ko\u0107ama u u\u010denju, posebno na imaju\u0107i u vidu digitalne kompetencije ali i ve\u0161tine koje se odnose na druge oblasti i sektore. Na\u0161 projekat \u0107e razvijati inoviranje obrazovanja, umre\u017eavanje, podr\u0161ci, \u0161irokoj razmeni osmi\u0161ljenih procesa, formata, re\u0161enja i potreba za aktivno uklju\u010divanje osoba sa smetnjama u u\u010denju u dru\u0161tvene procese. Rezultati rada na projektu \u0107e posebnio doprineti obrazovnim inovacijama usmerenim ka budu\u0107nosti dru\u0161tvenog uklju\u010divanja, obrazovanja i digitalne transformacije koja unapre\u0111uje obrazovanje imaju\u0107i u vidu sve potrebe osoba sa invaliditetom.<\/p>\n","protected":false},"excerpt":{"rendered":"<p>Projekat &#8220;ADEDU&#8221; ima za cilj da podr\u017ei edukatore, trenere i centre za u\u010denje u usavr\u0161avanju i inoviranju znanja i ve\u0161tina tako \u0161to \u0107e masovno uklju\u010diti ljude pogo\u0111ene te\u0161ko\u0107ama u u\u010denju i olak\u0161ati njihovu digitalnu tranziciju i sveukupno uklju\u010divanje nedovoljno uklju\u010dene ciljne populacije. Nastavnici i treneri koji se prijave za u\u010destvovanje <a class=\"more-link\" href=\"https:\/\/www.mediaeducationcentre.eu\/eng\/?page_id=5259\">Continue Reading \u2192<\/a><\/p>\n","protected":false},"author":12139,"featured_media":5261,"parent":0,"menu_order":0,"comment_status":"closed","ping_status":"closed","template":"","meta":{"_monsterinsights_skip_tracking":false,"_monsterinsights_sitenote_active":false,"_monsterinsights_sitenote_note":"","_monsterinsights_sitenote_category":0,"footnotes":""},"class_list":["post-5259","page","type-page","status-publish","has-post-thumbnail","hentry"],"_links":{"self":[{"href":"https:\/\/www.mediaeducationcentre.eu\/eng\/index.php?rest_route=\/wp\/v2\/pages\/5259","targetHints":{"allow":["GET"]}}],"collection":[{"href":"https:\/\/www.mediaeducationcentre.eu\/eng\/index.php?rest_route=\/wp\/v2\/pages"}],"about":[{"href":"https:\/\/www.mediaeducationcentre.eu\/eng\/index.php?rest_route=\/wp\/v2\/types\/page"}],"author":[{"embeddable":true,"href":"https:\/\/www.mediaeducationcentre.eu\/eng\/index.php?rest_route=\/wp\/v2\/users\/12139"}],"replies":[{"embeddable":true,"href":"https:\/\/www.mediaeducationcentre.eu\/eng\/index.php?rest_route=%2Fwp%2Fv2%2Fcomments&post=5259"}],"version-history":[{"count":1,"href":"https:\/\/www.mediaeducationcentre.eu\/eng\/index.php?rest_route=\/wp\/v2\/pages\/5259\/revisions"}],"predecessor-version":[{"id":5262,"href":"https:\/\/www.mediaeducationcentre.eu\/eng\/index.php?rest_route=\/wp\/v2\/pages\/5259\/revisions\/5262"}],"wp:featuredmedia":[{"embeddable":true,"href":"https:\/\/www.mediaeducationcentre.eu\/eng\/index.php?rest_route=\/wp\/v2\/media\/5261"}],"wp:attachment":[{"href":"https:\/\/www.mediaeducationcentre.eu\/eng\/index.php?rest_route=%2Fwp%2Fv2%2Fmedia&parent=5259"}],"curies":[{"name":"wp","href":"https:\/\/api.w.org\/{rel}","templated":true}]}}