{"id":4121,"date":"2017-04-10T04:11:11","date_gmt":"2017-04-10T04:11:11","guid":{"rendered":"http:\/\/www.mediaeducationcentre.eu\/eng\/?page_id=4121"},"modified":"2019-01-10T04:27:12","modified_gmt":"2019-01-10T04:27:12","slug":"pripremni-dokument-o-nacionalnim-politikama-i-strategijama","status":"publish","type":"page","link":"https:\/\/www.mediaeducationcentre.eu\/eng\/?page_id=4121","title":{"rendered":"Pripremni dokument o nacionalnim politikama i strategijama"},"content":{"rendered":"<p style=\"text-align: center;\"><strong>EU-UNESKO projekat Izgradnja poverenja u medije u Jugoisto\u010dnoj Evropi i Turskoj<\/strong><\/p>\n<p style=\"text-align: center;\"><strong>Pripremni dokument o nacionalnim politikama i strategijama medijske i informacione pismenosti (MIP) u Srbiji<\/strong><\/p>\n<p><strong>Sadr\u017eaj:<\/strong><\/p>\n<p>I. Svrha Pripremnog dokumenta<br \/>\nII. Konceptualizacija medijske i informacione pismenosti (MIP) u ovom dokumentu<br \/>\nIII. Prema definisanju okvira (konteksta) za razvoj javnih politika i strategija MIP u Srbiji<br \/>\nIV. Pregled: Medijska i informaciona pismenost u Srbiji<br \/>\nIV.1. Javne politike &#8211; MIP u relevantnim javnim politikama i ostalim strate\u0161kim dokumentima<br \/>\nIV.2. Ostale aktivnosti \u2013 MIP u formalnom, neformalnom obrazovanju; uloga razli\u010ditih aktera<br \/>\nV. Predlog smernica za javne politike medijske i informacione pismenosti<br \/>\nVI. Preporu\u010deni strate\u0161ki okvir za razvoj medijske i informacione pismenosti u Srbiji<br \/>\nVII. Mapa puta za razvoj medijske i informacione pismenosti u Srbiji<br \/>\nVIII. Reference<\/p>\n<p><strong>I. Svrha Pripremnog dokumenta<\/strong><\/p>\n<p>Na osnovu pregledne analize postoje\u0107ih relevantnih javnih politika i prakse medijske i informacione pismenosti u Srbiji, ovaj Pripremni dokument nudi okvir za unapre\u0111enje i dalji razvoj javnih politika i strategija medijske i informacione pismenosti (MIP) u zemlji. Svrha ovog dokumenta je da poslu\u017ei kao polazna osnova za diskusije koje \u0107e se odr\u017eati u okviru Nacionalnih konsultacija o politikama i strategijama MIP u Srbiji. Nacionalne konsultacije se organizuju sa ciljem da se omogu\u0107i me\u0111usektorski dijalog i inicirao proces kreiranja konkretnih preporuka za javne politike u vezi sa integrisanjem MIP-a u formalno i neformalno obrazovanje, a u saradnji sa razli\u010ditim dru\u0161tvenim akterima. Deo dokument mo\u017eete na\u0107i <a href=\"http:\/\/www.mediaeducationcentre.eu\/eng\/wp-content\/uploads\/2019\/01\/Pripremni-dokument-o-nacionalnim-politikama-i-strategijama.pdf\">OVDE<\/a>:<\/p>\n<a href=\"https:\/\/www.mediaeducationcentre.eu\/eng\/wp-content\/uploads\/2019\/01\/Pripremni-dokument-o-nacionalnim-politikama-i-strategijama.pdf\" class=\"pdfemb-viewer\" style=\"\" data-width=\"max\" data-height=\"max\" data-toolbar=\"bottom\" data-toolbar-fixed=\"off\">Pripremni dokument o nacionalnim politikama i strategijama<\/a>\n","protected":false},"excerpt":{"rendered":"<p>EU-UNESKO projekat Izgradnja poverenja u medije u Jugoisto\u010dnoj Evropi i Turskoj Pripremni dokument o nacionalnim politikama i strategijama medijske i informacione pismenosti (MIP) u Srbiji Sadr\u017eaj: I. Svrha Pripremnog dokumenta II. Konceptualizacija medijske i informacione pismenosti (MIP) u ovom dokumentu III. Prema definisanju okvira (konteksta) za razvoj javnih politika i <a class=\"more-link\" href=\"https:\/\/www.mediaeducationcentre.eu\/eng\/?page_id=4121\">Continue Reading \u2192<\/a><\/p>\n","protected":false},"author":12139,"featured_media":0,"parent":3932,"menu_order":1,"comment_status":"closed","ping_status":"closed","template":"","meta":{"_monsterinsights_skip_tracking":false,"_monsterinsights_sitenote_active":false,"_monsterinsights_sitenote_note":"","_monsterinsights_sitenote_category":0,"footnotes":""},"class_list":["post-4121","page","type-page","status-publish","hentry"],"_links":{"self":[{"href":"https:\/\/www.mediaeducationcentre.eu\/eng\/index.php?rest_route=\/wp\/v2\/pages\/4121","targetHints":{"allow":["GET"]}}],"collection":[{"href":"https:\/\/www.mediaeducationcentre.eu\/eng\/index.php?rest_route=\/wp\/v2\/pages"}],"about":[{"href":"https:\/\/www.mediaeducationcentre.eu\/eng\/index.php?rest_route=\/wp\/v2\/types\/page"}],"author":[{"embeddable":true,"href":"https:\/\/www.mediaeducationcentre.eu\/eng\/index.php?rest_route=\/wp\/v2\/users\/12139"}],"replies":[{"embeddable":true,"href":"https:\/\/www.mediaeducationcentre.eu\/eng\/index.php?rest_route=%2Fwp%2Fv2%2Fcomments&post=4121"}],"version-history":[{"count":1,"href":"https:\/\/www.mediaeducationcentre.eu\/eng\/index.php?rest_route=\/wp\/v2\/pages\/4121\/revisions"}],"predecessor-version":[{"id":4123,"href":"https:\/\/www.mediaeducationcentre.eu\/eng\/index.php?rest_route=\/wp\/v2\/pages\/4121\/revisions\/4123"}],"up":[{"embeddable":true,"href":"https:\/\/www.mediaeducationcentre.eu\/eng\/index.php?rest_route=\/wp\/v2\/pages\/3932"}],"wp:attachment":[{"href":"https:\/\/www.mediaeducationcentre.eu\/eng\/index.php?rest_route=%2Fwp%2Fv2%2Fmedia&parent=4121"}],"curies":[{"name":"wp","href":"https:\/\/api.w.org\/{rel}","templated":true}]}}