{"id":3861,"date":"2018-05-05T13:27:38","date_gmt":"2018-05-05T13:27:38","guid":{"rendered":"http:\/\/www.mediaeducationcentre.eu\/eng\/?page_id=3861"},"modified":"2018-05-26T14:26:55","modified_gmt":"2018-05-26T14:26:55","slug":"medijski-edukativni-centar","status":"publish","type":"page","link":"https:\/\/www.mediaeducationcentre.eu\/eng\/?page_id=3861","title":{"rendered":"Medijski edukativni centar"},"content":{"rendered":"<p style=\"text-align: justify;\"><strong>Medijski edukativni centar (MEC) je osnovan 2001. godine kao nepoliti\u010dka, neprofitna i NVO sa ciljem da okupi (pre svega, ali ne isklju\u010divo) decu i mlade iz svih dru\u0161tvenih grupa, sa razli\u010ditim kulturnim, tradicionalnim i istorijskim poreklom, da na nau\u010dnoj i profesionalnoj osnovi istra\u017euje i primenjuje uticaj filma, animacije, TV programa i novih (multi)medija na savremene oblike komunikacije, interkulturalni dijalog, volonterizam, neformalnu medijsku i informati\u010dku edukaciju dece, mladih, osoba sa invaliditetom i marginalizovanih grupa i ostale populacije, a uz pomo\u0107 medijske kulture, medijske edukacije i edukacije o medijima. Na\u0161 je rad u skladu sa principima de\u010dijih i ljudskih prava, posebno prava na pristup informacijama, elektronsku demokratiju, prava na medijsko izra\u017eavanje, za\u0161titu i po\u0161tovanje kulturnih, nacionalnih i verskih razli\u010ditosti, prava na u\u010destvovanje u medijima i svaku drugu vrstu dru\u0161tvenog uklju\u010divanja.<img loading=\"lazy\" decoding=\"async\" class=\"aligncenter size-medium wp-image-3851\" src=\"http:\/\/www.mediaeducationcentre.eu\/eng\/wp-content\/uploads\/2018\/05\/film_1-620x426.jpg\" alt=\"\" width=\"620\" height=\"426\" srcset=\"https:\/\/www.mediaeducationcentre.eu\/eng\/wp-content\/uploads\/2018\/05\/film_1-620x426.jpg 620w, https:\/\/www.mediaeducationcentre.eu\/eng\/wp-content\/uploads\/2018\/05\/film_1-300x206.jpg 300w, https:\/\/www.mediaeducationcentre.eu\/eng\/wp-content\/uploads\/2018\/05\/film_1-768x528.jpg 768w, https:\/\/www.mediaeducationcentre.eu\/eng\/wp-content\/uploads\/2018\/05\/film_1-1280x880.jpg 1280w\" sizes=\"auto, (max-width: 620px) 100vw, 620px\" \/><\/strong><\/p>\n<p style=\"text-align: justify;\"><strong>Medijski edukativni centar, koriste\u0107i digitalno, medijsko i informati\u010dko opismenjavanje i neformalno medijsko obrazovanje, promovi\u0161e ulogu dece, mladih ljudi i svih gra\u0111ana u odogvornim i odr\u017eivim procesima izgradnje savremenog obrazovnog sistema, kulturnog \u017eivota i aktivnog gra\u0111anskog dru\u0161tva. Na\u0161 rad je pa\u017eljivo utemeljen na eti\u010dkim principima po\u0161tovanja multietni\u010dkog zajedni\u0161tva, ekolo\u0161ke svesti, univarzalnih ljudskih i de\u010dijih prava, po\u0161tovanja razli\u010ditosti, dru\u0161tvene i ekonomske pravi\u010dnosti, demokratije, izgradnja i o\u010duvanja\u00a0 mira u svetu. Na nacionalnom nivou, osim navedenih aktivnosti, posebno radimo na stvaranju osnova za br\u017eu i kvalitetniju integraciju Srbije u EU i (generalno) me\u0111unarodno uklju\u010divanje gra\u0111ana Srbije u svetske procese obrazovanja, kulturne razmene, saradnje, pomirenja u regionu i mira u svetu.<\/strong><\/p>\n<p style=\"text-align: justify;\"><strong>Medijski edukativni centar sa Medijskom Laboratorijom je i Glavna kancelarija Medjunarodnog medijskog prostora za mlade (International Youth Media Space). Medijski edukativni centar je i \u010dlan United Nations Alliance for Civilization, CICT\/IFTC-UNESCO (Council International for Film, TV and Audio Video Communication of UNESCO), International Clearinghouse on Children, Youth and Media, EAVI-European Association for Viewers Interests, ECFA (European Children\u2019s Film Association), United Nations Plural PLUS Film Festival, Platform for Intercultural Europe, World Civil Society \u201eUnity in Diversity\u201c Champion Group, Diritti a Colori Network, Youth Cinema Network i drugih me\u0111unarodnih organizacija. <\/strong><\/p>\n<p style=\"text-align: justify;\"><strong>U permanentnoj saradnji sa njima mi uspe\u0161no primenjujemo i razvijamo proverene me\u0111unarodne trendove medijske, informati\u010dke i mirovne pismenosti i neformalnog obrazovanja pomo\u0107u medija i stvaramo osnove nove medijske pedagogije. Rade\u0107i na projektima u koje uklju\u010dujemo decu i mlade iz Srbije ali i iz svih ostalih zemalja Sveta, podsti\u010demo razmenu znanja, iskustava i dobre prakse i razvijamo ve\u0161tine medijske i informati\u010dke komunikacije i saradnje.<\/strong><\/p>\n","protected":false},"excerpt":{"rendered":"<p>Medijski edukativni centar (MEC) je osnovan 2001. godine kao nepoliti\u010dka, neprofitna i NVO sa ciljem da okupi (pre svega, ali ne isklju\u010divo) decu i mlade iz svih dru\u0161tvenih grupa, sa razli\u010ditim kulturnim, tradicionalnim i istorijskim poreklom, da na nau\u010dnoj i profesionalnoj osnovi istra\u017euje i primenjuje uticaj filma, animacije, TV programa <a class=\"more-link\" href=\"https:\/\/www.mediaeducationcentre.eu\/eng\/?page_id=3861\">Continue Reading \u2192<\/a><\/p>\n","protected":false},"author":12139,"featured_media":3852,"parent":5,"menu_order":1,"comment_status":"closed","ping_status":"closed","template":"","meta":{"_monsterinsights_skip_tracking":false,"_monsterinsights_sitenote_active":false,"_monsterinsights_sitenote_note":"","_monsterinsights_sitenote_category":0,"footnotes":""},"class_list":["post-3861","page","type-page","status-publish","has-post-thumbnail","hentry"],"_links":{"self":[{"href":"https:\/\/www.mediaeducationcentre.eu\/eng\/index.php?rest_route=\/wp\/v2\/pages\/3861","targetHints":{"allow":["GET"]}}],"collection":[{"href":"https:\/\/www.mediaeducationcentre.eu\/eng\/index.php?rest_route=\/wp\/v2\/pages"}],"about":[{"href":"https:\/\/www.mediaeducationcentre.eu\/eng\/index.php?rest_route=\/wp\/v2\/types\/page"}],"author":[{"embeddable":true,"href":"https:\/\/www.mediaeducationcentre.eu\/eng\/index.php?rest_route=\/wp\/v2\/users\/12139"}],"replies":[{"embeddable":true,"href":"https:\/\/www.mediaeducationcentre.eu\/eng\/index.php?rest_route=%2Fwp%2Fv2%2Fcomments&post=3861"}],"version-history":[{"count":3,"href":"https:\/\/www.mediaeducationcentre.eu\/eng\/index.php?rest_route=\/wp\/v2\/pages\/3861\/revisions"}],"predecessor-version":[{"id":3877,"href":"https:\/\/www.mediaeducationcentre.eu\/eng\/index.php?rest_route=\/wp\/v2\/pages\/3861\/revisions\/3877"}],"up":[{"embeddable":true,"href":"https:\/\/www.mediaeducationcentre.eu\/eng\/index.php?rest_route=\/wp\/v2\/pages\/5"}],"wp:featuredmedia":[{"embeddable":true,"href":"https:\/\/www.mediaeducationcentre.eu\/eng\/index.php?rest_route=\/wp\/v2\/media\/3852"}],"wp:attachment":[{"href":"https:\/\/www.mediaeducationcentre.eu\/eng\/index.php?rest_route=%2Fwp%2Fv2%2Fmedia&parent=3861"}],"curies":[{"name":"wp","href":"https:\/\/api.w.org\/{rel}","templated":true}]}}