{"id":3856,"date":"2018-05-05T13:17:45","date_gmt":"2018-05-05T13:17:45","guid":{"rendered":"http:\/\/www.mediaeducationcentre.eu\/eng\/?page_id=3856"},"modified":"2018-05-05T13:28:42","modified_gmt":"2018-05-05T13:28:42","slug":"sta-je-formalno-neformalno-i-informalno-obrazovanje","status":"publish","type":"page","link":"https:\/\/www.mediaeducationcentre.eu\/eng\/?page_id=3856","title":{"rendered":"\u0160ta je Formalno, neformalno i informalno obrazovanje?"},"content":{"rendered":"<p style=\"text-align: justify;\">Svedoci smo sveop\u0161tih i brzih promena u dru\u0161tvu, pa samim tim i na tr\u017ei\u0161tu. Ako \u017eelimo da budemo uspe\u0161ni u poslu i ako nam je cilj da sebi obezbedimo sigurnu budu\u0107nost promene moramo da pratimo i da ih spremno do\u010dekamo. To podrazumeva da postoje\u0107e znanje i ve\u0161tine koje posedujemo moramo redovno da aktuelizujemo i unapre\u0111ujemo. To zna\u010di da moramo DA U\u010cIMO CELOG \u017dIVOTA.<\/p>\n<p style=\"text-align: justify;\">U modernom dru\u0161tvu postoje tri osnovne forme obrazovanja i to: 1. Formalno obrazovanje \u00a02. Neformalno obrazovanje i \u00a03. Informalno obrazovanje.<\/p>\n<p style=\"text-align: justify;\"><img loading=\"lazy\" decoding=\"async\" class=\"alignleft wp-image-238 size-full\" src=\"http:\/\/www.zelimdabudem.com\/wp-content\/uploads\/2015\/10\/1.jpg\" alt=\"1\" width=\"227\" height=\"151\" \/><strong>Formalno obrazovanje<\/strong>\u00a0podrzumeva znanje ste\u010deno u strukturisano-obrazovanim sistema \u2013 pred\u0161kolske, osnovno\u0161kolske, srednjo\u0161kolske ustanove i ustanove vi\u0161eg i visokog obrazovanja. Po zavr\u0161etku \u0161kole u ovim ustanovama dobijaju se \u00a0diplome ili svedo\u010danstva.<\/p>\n<p><strong><img loading=\"lazy\" decoding=\"async\" class=\" size-full wp-image-239 alignright\" src=\"http:\/\/www.zelimdabudem.com\/wp-content\/uploads\/2015\/10\/2.jpg\" alt=\"2\" width=\"227\" height=\"151\" \/><\/strong><strong>Neformalno obrazovanje<\/strong>\u00a0se mo\u017ee definisati kao \u017eelja osobe da ovlada novim znanjima i ve\u0161tinama shodno interesovanju i potrebama. Ta znanja se sti\u010du van formalnog sistema\u00a0 (izvan \u0161kolskle). Neformalno obrazovanje se \u010desto fokusira na sticanje prakti\u010dnih znanja i ve\u0161tina dok se formalno obrazovanje \u010desto usredsre\u0111uje na informacije koje nemaju zna\u010daja u prakti\u010dnoj primeni.<\/p>\n<p>Neformalno se obrazujemo na raznim specijalizovanim seminarima i obukama koje organizuju nevladine organizacije ili specijalizovane agencije koje se bave edukacijom. Neformalnim obrazovanjem sti\u010du se prakti\u010dna poslovna znanja i specifi\u010dne ve\u0161tine npr: kako podi\u0107i nivo kreativnosti i inovativnosti, kako napraviti marketing plan, brzo u\u010denje\u2026<\/p>\n<p style=\"text-align: justify;\"><img loading=\"lazy\" decoding=\"async\" class=\" size-full wp-image-240 alignleft\" src=\"http:\/\/www.zelimdabudem.com\/wp-content\/uploads\/2015\/10\/3.jpg\" alt=\"3\" width=\"227\" height=\"151\" \/><\/p>\n<p style=\"text-align: justify;\"><strong>Informalno obrazovanje \u2013<\/strong>\u00a0termin kojim se podrazumeva u\u010denje iz svakodnevnog \u017eivota, kombinacija \u017eivota i u\u010denja; smatra se do\u017eivotnim procesom u kojem svaki pojedinac sti\u010de stavove, vrednosti, ve\u0161tine i znanja iz svakodnevnih iskustava i vaspitno-obrazovnih uticaja iz svoje okoline. To je, kako se u narodu ka\u017ee \u201c\u0161kola \u017eivota\u201d. U\u010dimo svuda i sa svakim- u ku\u0107i, na putu, sa vr\u0161najcima, sa decom, gledaju\u0107i televiziju, slu\u0161aju\u0107i radio, razgovaraju\u0107i sa prijateljima. \u010cesto to nije namerno (svesno) u\u010denje i mo\u017ee pro\u0107i neprime\u0107eno od strane pojedinca tj. pojedinci ga ne do\u017eivljavaju kao proces sticanja znanja i ve\u0161tina, iako to jeste.<\/p>\n","protected":false},"excerpt":{"rendered":"<p>Svedoci smo sveop\u0161tih i brzih promena u dru\u0161tvu, pa samim tim i na tr\u017ei\u0161tu. Ako \u017eelimo da budemo uspe\u0161ni u poslu i ako nam je cilj da sebi obezbedimo sigurnu budu\u0107nost promene moramo da pratimo i da ih spremno do\u010dekamo. To podrazumeva da postoje\u0107e znanje i ve\u0161tine koje posedujemo moramo <a class=\"more-link\" href=\"https:\/\/www.mediaeducationcentre.eu\/eng\/?page_id=3856\">Continue Reading \u2192<\/a><\/p>\n","protected":false},"author":12139,"featured_media":3857,"parent":3861,"menu_order":0,"comment_status":"closed","ping_status":"closed","template":"","meta":{"_monsterinsights_skip_tracking":false,"_monsterinsights_sitenote_active":false,"_monsterinsights_sitenote_note":"","_monsterinsights_sitenote_category":0,"footnotes":""},"class_list":["post-3856","page","type-page","status-publish","has-post-thumbnail","hentry"],"_links":{"self":[{"href":"https:\/\/www.mediaeducationcentre.eu\/eng\/index.php?rest_route=\/wp\/v2\/pages\/3856","targetHints":{"allow":["GET"]}}],"collection":[{"href":"https:\/\/www.mediaeducationcentre.eu\/eng\/index.php?rest_route=\/wp\/v2\/pages"}],"about":[{"href":"https:\/\/www.mediaeducationcentre.eu\/eng\/index.php?rest_route=\/wp\/v2\/types\/page"}],"author":[{"embeddable":true,"href":"https:\/\/www.mediaeducationcentre.eu\/eng\/index.php?rest_route=\/wp\/v2\/users\/12139"}],"replies":[{"embeddable":true,"href":"https:\/\/www.mediaeducationcentre.eu\/eng\/index.php?rest_route=%2Fwp%2Fv2%2Fcomments&post=3856"}],"version-history":[{"count":2,"href":"https:\/\/www.mediaeducationcentre.eu\/eng\/index.php?rest_route=\/wp\/v2\/pages\/3856\/revisions"}],"predecessor-version":[{"id":3863,"href":"https:\/\/www.mediaeducationcentre.eu\/eng\/index.php?rest_route=\/wp\/v2\/pages\/3856\/revisions\/3863"}],"up":[{"embeddable":true,"href":"https:\/\/www.mediaeducationcentre.eu\/eng\/index.php?rest_route=\/wp\/v2\/pages\/3861"}],"wp:featuredmedia":[{"embeddable":true,"href":"https:\/\/www.mediaeducationcentre.eu\/eng\/index.php?rest_route=\/wp\/v2\/media\/3857"}],"wp:attachment":[{"href":"https:\/\/www.mediaeducationcentre.eu\/eng\/index.php?rest_route=%2Fwp%2Fv2%2Fmedia&parent=3856"}],"curies":[{"name":"wp","href":"https:\/\/api.w.org\/{rel}","templated":true}]}}