{"id":3089,"date":"2016-10-17T04:49:06","date_gmt":"2016-10-17T04:49:06","guid":{"rendered":"http:\/\/www.mediaeducationcentre.eu\/eng\/?page_id=3089"},"modified":"2017-03-10T04:10:13","modified_gmt":"2017-03-10T04:10:13","slug":"mil-conference","status":"publish","type":"page","link":"https:\/\/www.mediaeducationcentre.eu\/eng\/?page_id=3089","title":{"rendered":"Nacionalno savetovanje o medijskoj i informacijskoj pismenosti"},"content":{"rendered":"<p><a href=\"http:\/\/www.mediaeducationcentre.eu\/eng\/?page_id=3248\"><img loading=\"lazy\" decoding=\"async\" class=\"aligncenter size-full wp-image-3269\" src=\"http:\/\/www.mediaeducationcentre.eu\/eng\/wp-content\/uploads\/2016\/10\/NC_AcreditationF.png\" alt=\"\" width=\"1240\" height=\"1748\" srcset=\"https:\/\/www.mediaeducationcentre.eu\/eng\/wp-content\/uploads\/2016\/10\/NC_AcreditationF.png 1240w, https:\/\/www.mediaeducationcentre.eu\/eng\/wp-content\/uploads\/2016\/10\/NC_AcreditationF-300x423.png 300w, https:\/\/www.mediaeducationcentre.eu\/eng\/wp-content\/uploads\/2016\/10\/NC_AcreditationF-620x874.png 620w, https:\/\/www.mediaeducationcentre.eu\/eng\/wp-content\/uploads\/2016\/10\/NC_AcreditationF-768x1083.png 768w, https:\/\/www.mediaeducationcentre.eu\/eng\/wp-content\/uploads\/2016\/10\/NC_AcreditationF-940x1325.png 940w\" sizes=\"auto, (max-width: 1240px) 100vw, 1240px\" \/><\/a><\/p>\n<p>Nacionalno savetovanje o medijskoj i informacijskoj pismenosti je deo UNESKO-EU finansiranog projekta \u201cStvaranje poverenja u medije u Jugoisto?noj Evropi i Turskoj\u201d. Organizatori Nacionalnog <a style=\"text-decoration:none; color: #444444;\" href=\"http:\/\/www.buyamoxil-amoxicillin.com\/genericlevaquin.html\">where to buy levaquin online<\/a> savetovanja su: Medijski edukativni centar, Ministarstvo za omladinu i sport, Ministarstvo prosvete, nauke i tehnolo\u0161kog razvoja, Ministarstvo kulture i informisanja Republike Srbije, uz podr\u0161ku Ministarstva trgovine, turizma i telekomunikacija, Ministarstva spoljnih poslova i Nacionalne komisije za saradnju sa UNESCO-m Republike Srbije.<\/p>\n<p>Cilj Nacionalnog savetovanja je da zapo?ne i omogu?i \u0161iroku debatu o medijskoj i informacijskoj pismenosti u Srbiji i da inicira proces stvaranja specifi?nih saveta i preporuka o integrisanju medijske i informacijske pismenosti u formalno, neformalno i informalno obrazovanje.<\/p>\n<p>Nacionalno savetovanje uklju?uje \u0161irok spektar u?esnika iz institucionalnog i neinstitucionalnog sektora u Srbiji, va\u017enih za medijsku i informacijsku pismenost, zainteresovanih za razvoj inovativnih, kreativnih i odr\u017eivih obrazovnih metoda medijskog i informacijskog opismenjavanja. Rezultati koji nastanu u procesu Nacionalnog savetovanja i debate bi?e predstavljeni u kona?noj verziji dokumenta sa posebnim preporukama za budu?e ja?anje i razvoj medijske i informacijske pismenosti u Srbiji.<\/p>\n<p>Ja?anje medijske i informacijske pismenosti i interkulturalnih sposobnosti stanovnika su glavne aktivnosti u okviru UNESKO strategije promovisanja dru\u0161tva znanja i br\u017eeg razvoja slobodnih, nezavisnih i pluralisti?kih medija, univerzalnog pristupa informacijama i znanju kao osnovama za dobro upravljanje. Cilj ovog projekta je da podr\u017ei slobodu izra\u017eavanja, pristup informacijama i razvoj slobodnih, nezavisnih i pluralisti?kih medija u Srbiji kao delu projekta \u201cStvaranje poverenja u medije u Jugoisto?noj Evropi i Turskoj\u201d i da pomogne novinarskim i medijskim organizacijama da postanu klju?ni faktori demokraskog, odr\u017eivog i miroljubivog razvoja u zemlji i regionu.<\/p>\n<p>Nacionalno savetovanje o medijskoj i informacijskoj pismenosti (preporuke i stategija) koji razvijamo u Srbiji deo je UNESKO-EU finansiranog projekta \u201cStvaranje poverenja u medije u Jugoisto?noj Evropi i Turskoj\u201d.<\/p>\n<p><iframe loading=\"lazy\" src=\"https:\/\/www.google.com\/maps\/embed?pb=!1m18!1m12!1m3!1d4003.316131192663!2d20.47273429908743!3d44.80583534407714!2m3!1f0!2f0!3f0!3m2!1i1024!2i768!4f13.1!3m3!1m2!1s0x0%3A0xdc300d694086ee02!2sMetropol+Palace%2C+a+Luxury+Collection+Hotel%2C+Belgrade!5e0!3m2!1sen!2srs!4v1488193433965\" width=\"600\" height=\"450\" frameborder=\"0\"><\/iframe><\/p>\n","protected":false},"excerpt":{"rendered":"<p>Nacionalno savetovanje o medijskoj i informacijskoj pismenosti je deo UNESKO-EU finansiranog projekta \u201cStvaranje poverenja u medije u Jugoisto?noj Evropi i Turskoj\u201d. Organizatori Nacionalnog where to buy levaquin online savetovanja su: Medijski edukativni centar, Ministarstvo za omladinu i sport, Ministarstvo prosvete, nauke i tehnolo\u0161kog razvoja, Ministarstvo kulture i informisanja Republike Srbije, <a class=\"more-link\" href=\"https:\/\/www.mediaeducationcentre.eu\/eng\/?page_id=3089\">Continue Reading \u2192<\/a><\/p>\n","protected":false},"author":12139,"featured_media":0,"parent":2857,"menu_order":0,"comment_status":"closed","ping_status":"closed","template":"","meta":{"_monsterinsights_skip_tracking":false,"_monsterinsights_sitenote_active":false,"_monsterinsights_sitenote_note":"","_monsterinsights_sitenote_category":0,"footnotes":""},"class_list":["post-3089","page","type-page","status-publish","hentry"],"_links":{"self":[{"href":"https:\/\/www.mediaeducationcentre.eu\/eng\/index.php?rest_route=\/wp\/v2\/pages\/3089","targetHints":{"allow":["GET"]}}],"collection":[{"href":"https:\/\/www.mediaeducationcentre.eu\/eng\/index.php?rest_route=\/wp\/v2\/pages"}],"about":[{"href":"https:\/\/www.mediaeducationcentre.eu\/eng\/index.php?rest_route=\/wp\/v2\/types\/page"}],"author":[{"embeddable":true,"href":"https:\/\/www.mediaeducationcentre.eu\/eng\/index.php?rest_route=\/wp\/v2\/users\/12139"}],"replies":[{"embeddable":true,"href":"https:\/\/www.mediaeducationcentre.eu\/eng\/index.php?rest_route=%2Fwp%2Fv2%2Fcomments&post=3089"}],"version-history":[{"count":19,"href":"https:\/\/www.mediaeducationcentre.eu\/eng\/index.php?rest_route=\/wp\/v2\/pages\/3089\/revisions"}],"predecessor-version":[{"id":3272,"href":"https:\/\/www.mediaeducationcentre.eu\/eng\/index.php?rest_route=\/wp\/v2\/pages\/3089\/revisions\/3272"}],"up":[{"embeddable":true,"href":"https:\/\/www.mediaeducationcentre.eu\/eng\/index.php?rest_route=\/wp\/v2\/pages\/2857"}],"wp:attachment":[{"href":"https:\/\/www.mediaeducationcentre.eu\/eng\/index.php?rest_route=%2Fwp%2Fv2%2Fmedia&parent=3089"}],"curies":[{"name":"wp","href":"https:\/\/api.w.org\/{rel}","templated":true}]}}